{"id":29,"date":"2023-07-07T15:20:02","date_gmt":"2023-07-07T13:20:02","guid":{"rendered":"https:\/\/ld-saarland.de\/?page_id=29"},"modified":"2025-04-10T14:04:34","modified_gmt":"2025-04-10T12:04:34","slug":"impressum","status":"publish","type":"page","link":"https:\/\/ld-saarland.de\/en\/impressum\/","title":{"rendered":"Imprint"},"content":{"rendered":"<h2 class=\"wp-block-heading\">Diensteanbieter<\/h2>\n\n\n\n<p>Liberale Demokraten \u2013 Die Sozialliberalen Saarland<br>c\/o Steve Bourne<br>Hingstlandsweg 27<br>26529 Marienhafe<\/p>\n\n\n\n<h2 class=\"wp-block-heading\" id=\"m56\">Kontaktm\u00f6glichkeiten<\/h2>\n\n\n\n<p>E-Mail-Adresse: kontakt@ld-saarland.de<\/p>\n\n\n\n<p>Telefon: +49 1579 2495257<\/p>\n\n\n\n<h2 class=\"wp-block-heading\" id=\"m153\">Vertretungsberechtigte Personen<\/h2>\n\n\n\n<p>Vertretungsberechtigt: Alexander Heusel &amp; Philip Lukas (Landesvorsitzende)<\/p>\n\n\n\n<h2 class=\"wp-block-heading\" id=\"m154\">Journalistisch-redaktionelle Angebote<\/h2>\n\n\n\n<p>Inhaltlich verantwortlich: Paul Vossiek, Habsburgerallee 18, 52064 Aachen<\/p>\n\n\n\n<h2 class=\"wp-block-heading\" id=\"m172\">Social Media und andere Onlinepr\u00e4senzen<\/h2>\n\n\n\n<p>Dieses Impressum gilt auch f\u00fcr die folgenden Social-Media-Pr\u00e4senzen und Onlineprofile:<br><a href=\"https:\/\/www.instagram.com\/ld_saar\">https:\/\/www.instagram.com\/ld_saar<\/a><br><a href=\"https:\/\/www.facebook.com\/ldsaar\">https:\/\/www.facebook.com\/ldsaar<\/a><\/p>\n\n\n\n<h2 class=\"wp-block-heading\" id=\"m65\">Haftungs- und Schutzrechtshinweise<\/h2>\n\n\n\n<p>Haftungsausschluss: Die Inhalte dieses Onlineangebotes wurden sorgf\u00e4ltig und nach unserem aktuellen Kenntnisstand erstellt, dienen jedoch nur der Information und entfalten keine rechtlich bindende Wirkung, sofern es sich nicht um gesetzlich verpflichtende Informationen (z.&nbsp;B. das Impressum, die Datenschutzerkl\u00e4rung, AGB oder verpflichtende Belehrungen von Verbrauchern) handelt. Wir behalten uns vor, die Inhalte vollst\u00e4ndig oder teilweise zu \u00e4ndern oder zu l\u00f6schen, soweit vertragliche Verpflichtungen unber\u00fchrt bleiben. Alle Angebote sind freibleibend und unverbindlich.<\/p>\n\n\n\n<p>Links auf fremde Webseiten: Die Inhalte fremder Webseiten, auf die wir direkt oder indirekt verweisen, liegen au\u00dferhalb unseres Verantwortungsbereiches und wir machen sie uns nicht zu eigen. F\u00fcr alle Inhalte und Nachteile, die aus der Nutzung der in den verlinkten Webseiten aufrufbaren Informationen entstehen, \u00fcbernehmen wir keine Verantwortung.<\/p>\n\n\n\n<p>Urheberrechte und Markenrechte: Alle auf dieser Website dargestellten Inhalte, wie Texte, Fotografien, Grafiken, Marken und Warenzeichen sind durch die jeweiligen Schutzrechte (Urheberrechte, Markenrechte) gesch\u00fctzt. Die Verwendung, Vervielf\u00e4ltigung usw. unterliegen unseren Rechten oder den Rechten der jeweiligen Urheber bzw. Rechteinhaber.<\/p>\n\n\n\n<p>Hinweise auf Rechtsverst\u00f6\u00dfe: Sollten Sie innerhalb unseres Internetauftritts Rechtsverst\u00f6\u00dfe bemerken, bitten wir Sie uns auf diese hinzuweisen. Wir werden rechtswidrige Inhalte und Links nach Kenntnisnahme unverz\u00fcglich entfernen.<\/p>","protected":false},"excerpt":{"rendered":"<p>Diensteanbieter Liberale Demokraten \u2013 Die Sozialliberalen Saarlandc\/o Steve BourneHingstlandsweg 2726529 Marienhafe Kontaktm\u00f6glichkeiten E-Mail-Adresse: kontakt@ld-saarland.de Telefon: +49 1579 2495257 Vertretungsberechtigte Personen Vertretungsberechtigt: Alexander Heusel &amp; Philip Lukas (Landesvorsitzende) Journalistisch-redaktionelle Angebote Inhaltlich verantwortlich: Paul Vossiek, Habsburgerallee 18, 52064 Aachen Social Media und andere Onlinepr\u00e4senzen Dieses Impressum gilt auch f\u00fcr die folgenden Social-Media-Pr\u00e4senzen und Onlineprofile:https:\/\/www.instagram.com\/ld_saarhttps:\/\/www.facebook.com\/ldsaar Haftungs- und Schutzrechtshinweise [&hellip;]<\/p>\n","protected":false},"author":1,"featured_media":0,"parent":0,"menu_order":0,"comment_status":"closed","ping_status":"closed","template":"","meta":{"_acf_changed":false,"footnotes":""},"class_list":["post-29","page","type-page","status-publish","hentry"],"blocksy_meta":[],"acf":[],"yoast_head":"<!-- This site is optimized with the Yoast SEO plugin v27.1.1 - https:\/\/yoast.com\/product\/yoast-seo-wordpress\/ -->\n<title>Impressum &#8211; Liberale Demokraten Saarland<\/title>\n<meta name=\"robots\" content=\"index, follow, max-snippet:-1, max-image-preview:large, max-video-preview:-1\" \/>\n<link rel=\"canonical\" href=\"https:\/\/ld-saarland.de\/en\/impressum\/\" \/>\n<meta property=\"og:locale\" content=\"en_GB\" \/>\n<meta property=\"og:type\" content=\"article\" \/>\n<meta property=\"og:title\" content=\"Impressum &#8211; Liberale Demokraten Saarland\" \/>\n<meta property=\"og:description\" content=\"Diensteanbieter Liberale Demokraten \u2013 Die Sozialliberalen Saarlandc\/o Steve BourneHingstlandsweg 2726529 Marienhafe Kontaktm\u00f6glichkeiten E-Mail-Adresse: kontakt@ld-saarland.de Telefon: +49 1579 2495257 Vertretungsberechtigte Personen Vertretungsberechtigt: Alexander Heusel &amp; Philip Lukas (Landesvorsitzende) Journalistisch-redaktionelle Angebote Inhaltlich verantwortlich: Paul Vossiek, Habsburgerallee 18, 52064 Aachen Social Media und andere Onlinepr\u00e4senzen Dieses Impressum gilt auch f\u00fcr die folgenden Social-Media-Pr\u00e4senzen und Onlineprofile:https:\/\/www.instagram.com\/ld_saarhttps:\/\/www.facebook.com\/ldsaar Haftungs- und Schutzrechtshinweise [&hellip;]\" \/>\n<meta property=\"og:url\" content=\"https:\/\/ld-saarland.de\/en\/impressum\/\" \/>\n<meta property=\"og:site_name\" content=\"Liberale Demokraten Saarland\" \/>\n<meta property=\"article:modified_time\" content=\"2025-04-10T12:04:34+00:00\" \/>\n<meta property=\"og:image\" content=\"https:\/\/ld-saarland.de\/wp-content\/uploads\/2024\/12\/sharepic_saarland.jpg\" \/>\n\t<meta property=\"og:image:width\" content=\"1200\" \/>\n\t<meta property=\"og:image:height\" content=\"628\" \/>\n\t<meta property=\"og:image:type\" content=\"image\/jpeg\" \/>\n<meta name=\"twitter:card\" content=\"summary_large_image\" \/>\n<meta name=\"twitter:label1\" content=\"Estimated reading time\" \/>\n\t<meta name=\"twitter:data1\" content=\"2 minutes\" \/>\n<script type=\"application\/ld+json\" class=\"yoast-schema-graph\">{\"@context\":\"https:\/\/schema.org\",\"@graph\":[{\"@type\":\"WebPage\",\"@id\":\"https:\/\/ld-saarland.de\/impressum\/\",\"url\":\"https:\/\/ld-saarland.de\/impressum\/\",\"name\":\"Impressum &#8211; Liberale Demokraten Saarland\",\"isPartOf\":{\"@id\":\"https:\/\/ld-saarland.de\/#website\"},\"datePublished\":\"2023-07-07T13:20:02+00:00\",\"dateModified\":\"2025-04-10T12:04:34+00:00\",\"breadcrumb\":{\"@id\":\"https:\/\/ld-saarland.de\/impressum\/#breadcrumb\"},\"inLanguage\":\"en-GB\",\"potentialAction\":[{\"@type\":\"ReadAction\",\"target\":[\"https:\/\/ld-saarland.de\/impressum\/\"]}]},{\"@type\":\"BreadcrumbList\",\"@id\":\"https:\/\/ld-saarland.de\/impressum\/#breadcrumb\",\"itemListElement\":[{\"@type\":\"ListItem\",\"position\":1,\"name\":\"Startseite\",\"item\":\"https:\/\/ld-saarland.de\/\"},{\"@type\":\"ListItem\",\"position\":2,\"name\":\"Impressum\"}]},{\"@type\":\"WebSite\",\"@id\":\"https:\/\/ld-saarland.de\/#website\",\"url\":\"https:\/\/ld-saarland.de\/\",\"name\":\"Liberale Demokraten Saarland\",\"description\":\"\",\"publisher\":{\"@id\":\"https:\/\/ld-saarland.de\/#organization\"},\"alternateName\":\"LD Saar\",\"potentialAction\":[{\"@type\":\"SearchAction\",\"target\":{\"@type\":\"EntryPoint\",\"urlTemplate\":\"https:\/\/ld-saarland.de\/?s={search_term_string}\"},\"query-input\":{\"@type\":\"PropertyValueSpecification\",\"valueRequired\":true,\"valueName\":\"search_term_string\"}}],\"inLanguage\":\"en-GB\"},{\"@type\":\"Organization\",\"@id\":\"https:\/\/ld-saarland.de\/#organization\",\"name\":\"Liberale Demokraten Saarland\",\"alternateName\":\"LD Saar\",\"url\":\"https:\/\/ld-saarland.de\/\",\"logo\":{\"@type\":\"ImageObject\",\"inLanguage\":\"en-GB\",\"@id\":\"https:\/\/ld-saarland.de\/#\/schema\/logo\/image\/\",\"url\":\"https:\/\/ld-saarland.de\/wp-content\/uploads\/2024\/10\/ld_saar.svg\",\"contentUrl\":\"https:\/\/ld-saarland.de\/wp-content\/uploads\/2024\/10\/ld_saar.svg\",\"width\":1595,\"height\":776,\"caption\":\"Liberale Demokraten Saarland\"},\"image\":{\"@id\":\"https:\/\/ld-saarland.de\/#\/schema\/logo\/image\/\"},\"sameAs\":[\"https:\/\/www.instagram.com\/ld_saar\/\"]}]}<\/script>\n<!-- \/ Yoast SEO plugin. -->","yoast_head_json":{"title":"Impressum &#8211; Liberale Demokraten Saarland","robots":{"index":"index","follow":"follow","max-snippet":"max-snippet:-1","max-image-preview":"max-image-preview:large","max-video-preview":"max-video-preview:-1"},"canonical":"https:\/\/ld-saarland.de\/en\/impressum\/","og_locale":"en_GB","og_type":"article","og_title":"Impressum &#8211; Liberale Demokraten Saarland","og_description":"Diensteanbieter Liberale Demokraten \u2013 Die Sozialliberalen Saarlandc\/o Steve BourneHingstlandsweg 2726529 Marienhafe Kontaktm\u00f6glichkeiten E-Mail-Adresse: kontakt@ld-saarland.de Telefon: +49 1579 2495257 Vertretungsberechtigte Personen Vertretungsberechtigt: Alexander Heusel &amp; Philip Lukas (Landesvorsitzende) Journalistisch-redaktionelle Angebote Inhaltlich verantwortlich: Paul Vossiek, Habsburgerallee 18, 52064 Aachen Social Media und andere Onlinepr\u00e4senzen Dieses Impressum gilt auch f\u00fcr die folgenden Social-Media-Pr\u00e4senzen und Onlineprofile:https:\/\/www.instagram.com\/ld_saarhttps:\/\/www.facebook.com\/ldsaar Haftungs- und Schutzrechtshinweise [&hellip;]","og_url":"https:\/\/ld-saarland.de\/en\/impressum\/","og_site_name":"Liberale Demokraten Saarland","article_modified_time":"2025-04-10T12:04:34+00:00","og_image":[{"width":1200,"height":628,"url":"https:\/\/ld-saarland.de\/wp-content\/uploads\/2024\/12\/sharepic_saarland.jpg","type":"image\/jpeg"}],"twitter_card":"summary_large_image","twitter_misc":{"Estimated reading time":"2 minutes"},"schema":{"@context":"https:\/\/schema.org","@graph":[{"@type":"WebPage","@id":"https:\/\/ld-saarland.de\/impressum\/","url":"https:\/\/ld-saarland.de\/impressum\/","name":"Impressum &#8211; Liberale Demokraten Saarland","isPartOf":{"@id":"https:\/\/ld-saarland.de\/#website"},"datePublished":"2023-07-07T13:20:02+00:00","dateModified":"2025-04-10T12:04:34+00:00","breadcrumb":{"@id":"https:\/\/ld-saarland.de\/impressum\/#breadcrumb"},"inLanguage":"en-GB","potentialAction":[{"@type":"ReadAction","target":["https:\/\/ld-saarland.de\/impressum\/"]}]},{"@type":"BreadcrumbList","@id":"https:\/\/ld-saarland.de\/impressum\/#breadcrumb","itemListElement":[{"@type":"ListItem","position":1,"name":"Startseite","item":"https:\/\/ld-saarland.de\/"},{"@type":"ListItem","position":2,"name":"Impressum"}]},{"@type":"WebSite","@id":"https:\/\/ld-saarland.de\/#website","url":"https:\/\/ld-saarland.de\/","name":"Liberale Demokraten Saarland","description":"","publisher":{"@id":"https:\/\/ld-saarland.de\/#organization"},"alternateName":"LD Saar","potentialAction":[{"@type":"SearchAction","target":{"@type":"EntryPoint","urlTemplate":"https:\/\/ld-saarland.de\/?s={search_term_string}"},"query-input":{"@type":"PropertyValueSpecification","valueRequired":true,"valueName":"search_term_string"}}],"inLanguage":"en-GB"},{"@type":"Organization","@id":"https:\/\/ld-saarland.de\/#organization","name":"Liberale Demokraten Saarland","alternateName":"LD Saar","url":"https:\/\/ld-saarland.de\/","logo":{"@type":"ImageObject","inLanguage":"en-GB","@id":"https:\/\/ld-saarland.de\/#\/schema\/logo\/image\/","url":"https:\/\/ld-saarland.de\/wp-content\/uploads\/2024\/10\/ld_saar.svg","contentUrl":"https:\/\/ld-saarland.de\/wp-content\/uploads\/2024\/10\/ld_saar.svg","width":1595,"height":776,"caption":"Liberale Demokraten Saarland"},"image":{"@id":"https:\/\/ld-saarland.de\/#\/schema\/logo\/image\/"},"sameAs":["https:\/\/www.instagram.com\/ld_saar\/"]}]}},"_links":{"self":[{"href":"https:\/\/ld-saarland.de\/en\/wp-json\/wp\/v2\/pages\/29","targetHints":{"allow":["GET"]}}],"collection":[{"href":"https:\/\/ld-saarland.de\/en\/wp-json\/wp\/v2\/pages"}],"about":[{"href":"https:\/\/ld-saarland.de\/en\/wp-json\/wp\/v2\/types\/page"}],"author":[{"embeddable":true,"href":"https:\/\/ld-saarland.de\/en\/wp-json\/wp\/v2\/users\/1"}],"replies":[{"embeddable":true,"href":"https:\/\/ld-saarland.de\/en\/wp-json\/wp\/v2\/comments?post=29"}],"version-history":[{"count":10,"href":"https:\/\/ld-saarland.de\/en\/wp-json\/wp\/v2\/pages\/29\/revisions"}],"predecessor-version":[{"id":2930,"href":"https:\/\/ld-saarland.de\/en\/wp-json\/wp\/v2\/pages\/29\/revisions\/2930"}],"wp:attachment":[{"href":"https:\/\/ld-saarland.de\/en\/wp-json\/wp\/v2\/media?parent=29"}],"curies":[{"name":"wp","href":"https:\/\/api.w.org\/{rel}","templated":true}]}}